{"id":14,"date":"2025-08-07T13:51:10","date_gmt":"2025-08-07T13:51:10","guid":{"rendered":"https:\/\/lejardinduclos.fr\/?page_id=14"},"modified":"2025-08-10T14:25:17","modified_gmt":"2025-08-10T14:25:17","slug":"au-coeur-dactivites-culturelles-sportives","status":"publish","type":"page","link":"https:\/\/lejardinduclos.fr\/?page_id=14","title":{"rendered":"Au c\u0153ur d&rsquo;activit\u00e9s culturelles &amp; sportives"},"content":{"rendered":"<p>[et_pb_section fb_built=\u00a0\u00bb1&Prime; theme_builder_area=\u00a0\u00bbpost_content\u00a0\u00bb _builder_version=\u00a0\u00bb4.27.4&Prime; _module_preset=\u00a0\u00bbdefault\u00a0\u00bb][et_pb_row _builder_version=\u00a0\u00bb4.27.4&Prime; _module_preset=\u00a0\u00bbdefault\u00a0\u00bb theme_builder_area=\u00a0\u00bbpost_content\u00a0\u00bb][et_pb_column _builder_version=\u00a0\u00bb4.27.4&Prime; _module_preset=\u00a0\u00bbdefault\u00a0\u00bb type=\u00a0\u00bb4_4&Prime; theme_builder_area=\u00a0\u00bbpost_content\u00a0\u00bb][et_pb_slider _builder_version=\u00a0\u00bb4.27.4&Prime; _module_preset=\u00a0\u00bbdefault\u00a0\u00bb theme_builder_area=\u00a0\u00bbpost_content\u00a0\u00bb hover_enabled=\u00a0\u00bb0&Prime; sticky_enabled=\u00a0\u00bb0&Prime;][et_pb_slide heading=\u00a0\u00bbUn panorama des activit\u00e9s possibles !\u00a0\u00bb button_text=\u00a0\u00bbClics\u00a0\u00bb _builder_version=\u00a0\u00bb4.27.4&Prime; _module_preset=\u00a0\u00bbdefault\u00a0\u00bb theme_builder_area=\u00a0\u00bbpost_content\u00a0\u00bb hover_enabled=\u00a0\u00bb0&Prime; sticky_enabled=\u00a0\u00bb0&Prime;]<\/p>\n<p><img loading=\"lazy\" decoding=\"async\" src=\"https:\/\/lejardinduclos.fr\/wp-content\/uploads\/2025\/08\/Champignons-foret-de-Fontainebleau-300x225.jpg\" width=\"300\" height=\"225\" alt=\"\" class=\"wp-image-106 alignnone size-medium\" \/><img loading=\"lazy\" decoding=\"async\" src=\"https:\/\/lejardinduclos.fr\/wp-content\/uploads\/2025\/08\/Kayak-267x300.jpg\" width=\"267\" height=\"300\" alt=\"\" class=\"wp-image-107 alignnone size-medium\" \/> <img loading=\"lazy\" decoding=\"async\" src=\"https:\/\/lejardinduclos.fr\/wp-content\/uploads\/2025\/08\/Joutes-nautiques-245x300.jpg\" width=\"245\" height=\"300\" alt=\"\" class=\"wp-image-108 alignnone size-medium\" \/><\/p>\n<p>Faites votre choix dans le champ des possibilit\u00e9s offertes autour du village de Saint-Mamm\u00e8s<\/p>\n<p>[\/et_pb_slide][\/et_pb_slider][\/et_pb_column][\/et_pb_row][et_pb_row _builder_version=\u00a0\u00bb4.27.4&Prime; _module_preset=\u00a0\u00bbdefault\u00a0\u00bb column_structure=\u00a0\u00bb2_5,3_5&Prime; theme_builder_area=\u00a0\u00bbpost_content\u00a0\u00bb][et_pb_column _builder_version=\u00a0\u00bb4.27.4&Prime; _module_preset=\u00a0\u00bbdefault\u00a0\u00bb type=\u00a0\u00bb2_5&Prime; theme_builder_area=\u00a0\u00bbpost_content\u00a0\u00bb][et_pb_text _builder_version=\u00a0\u00bb4.27.4&Prime; _module_preset=\u00a0\u00bbdefault\u00a0\u00bb theme_builder_area=\u00a0\u00bbpost_content\u00a0\u00bb hover_enabled=\u00a0\u00bb0&Prime; sticky_enabled=\u00a0\u00bb0&Prime; link_option_url=\u00a0\u00bbhttps:\/\/www.chateau-rosa-bonheur.fr\u00a0\u00bb]<\/p>\n<p><img loading=\"lazy\" decoding=\"async\" src=\"https:\/\/lejardinduclos.fr\/wp-content\/uploads\/2025\/08\/logo-chateau-rosa-bonheur-300x61.png\" width=\"300\" height=\"61\" alt=\"\" class=\"wp-image-111 alignnone size-medium\" \/><\/p>\n<p>La maison de Rosa Bonheur \u00e0 15&prime; \u00e0 pied<\/p>\n<p>[\/et_pb_text][\/et_pb_column][et_pb_column _builder_version=\u00a0\u00bb4.27.4&Prime; _module_preset=\u00a0\u00bbdefault\u00a0\u00bb type=\u00a0\u00bb3_5&Prime; theme_builder_area=\u00a0\u00bbpost_content\u00a0\u00bb][et_pb_image _builder_version=\u00a0\u00bb4.27.4&Prime; _module_preset=\u00a0\u00bbdefault\u00a0\u00bb theme_builder_area=\u00a0\u00bbpost_content\u00a0\u00bb hover_enabled=\u00a0\u00bb0&Prime; sticky_enabled=\u00a0\u00bb0&Prime;][\/et_pb_image][\/et_pb_column][\/et_pb_row][et_pb_row _builder_version=\u00a0\u00bb4.27.4&Prime; _module_preset=\u00a0\u00bbdefault\u00a0\u00bb column_structure=\u00a0\u00bb2_5,3_5&Prime; theme_builder_area=\u00a0\u00bbpost_content\u00a0\u00bb][et_pb_column _builder_version=\u00a0\u00bb4.27.4&Prime; _module_preset=\u00a0\u00bbdefault\u00a0\u00bb type=\u00a0\u00bb2_5&Prime; theme_builder_area=\u00a0\u00bbpost_content\u00a0\u00bb][et_pb_text _builder_version=\u00a0\u00bb4.27.4&Prime; _module_preset=\u00a0\u00bbdefault\u00a0\u00bb theme_builder_area=\u00a0\u00bbpost_content\u00a0\u00bb hover_enabled=\u00a0\u00bb0&Prime; sticky_enabled=\u00a0\u00bb0&Prime; link_option_url=\u00a0\u00bbhttps:\/\/www.chateau-rosa-bonheur.fr\u00a0\u00bb]<\/p>\n<p>Du kayak sur la Seine et le Loing \u00e0 2&prime; \u00e0 pied<\/p>\n<p>[\/et_pb_text][\/et_pb_column][et_pb_column _builder_version=\u00a0\u00bb4.27.4&Prime; _module_preset=\u00a0\u00bbdefault\u00a0\u00bb type=\u00a0\u00bb3_5&Prime; theme_builder_area=\u00a0\u00bbpost_content\u00a0\u00bb][et_pb_image _builder_version=\u00a0\u00bb4.27.4&Prime; _module_preset=\u00a0\u00bbdefault\u00a0\u00bb theme_builder_area=\u00a0\u00bbpost_content\u00a0\u00bb hover_enabled=\u00a0\u00bb0&Prime; sticky_enabled=\u00a0\u00bb0&Prime; admin_label=\u00a0\u00bbImage\u00a0\u00bb title_text=\u00a0\u00bbKayak\u00a0\u00bb src=\u00a0\u00bbhttps:\/\/lejardinduclos.fr\/wp-content\/uploads\/2025\/08\/Kayak.jpg\u00a0\u00bb][\/et_pb_image][\/et_pb_column][\/et_pb_row][et_pb_row _builder_version=\u00a0\u00bb4.27.4&Prime; _module_preset=\u00a0\u00bbdefault\u00a0\u00bb column_structure=\u00a0\u00bb2_5,3_5&Prime; theme_builder_area=\u00a0\u00bbpost_content\u00a0\u00bb][et_pb_column _builder_version=\u00a0\u00bb4.27.4&Prime; _module_preset=\u00a0\u00bbdefault\u00a0\u00bb type=\u00a0\u00bb2_5&Prime; theme_builder_area=\u00a0\u00bbpost_content\u00a0\u00bb][et_pb_text _builder_version=\u00a0\u00bb4.27.4&Prime; _module_preset=\u00a0\u00bbdefault\u00a0\u00bb theme_builder_area=\u00a0\u00bbpost_content\u00a0\u00bb hover_enabled=\u00a0\u00bb0&Prime; sticky_enabled=\u00a0\u00bb0&Prime; link_option_url=\u00a0\u00bbhttps:\/\/www.chateau-rosa-bonheur.fr\u00a0\u00bb]<\/p>\n<p>Visite du village m\u00e9di\u00e9val Moret-sur-Loing<\/p>\n<p>[\/et_pb_text][\/et_pb_column][et_pb_column _builder_version=\u00a0\u00bb4.27.4&Prime; _module_preset=\u00a0\u00bbdefault\u00a0\u00bb type=\u00a0\u00bb3_5&Prime; theme_builder_area=\u00a0\u00bbpost_content\u00a0\u00bb][et_pb_image _builder_version=\u00a0\u00bb4.27.4&Prime; _module_preset=\u00a0\u00bbdefault\u00a0\u00bb theme_builder_area=\u00a0\u00bbpost_content\u00a0\u00bb hover_enabled=\u00a0\u00bb0&Prime; sticky_enabled=\u00a0\u00bb0&Prime; admin_label=\u00a0\u00bbImage\u00a0\u00bb title_text=\u00a0\u00bbMoret sur loing\u00a0\u00bb src=\u00a0\u00bbhttps:\/\/lejardinduclos.fr\/wp-content\/uploads\/2025\/08\/Moret-sur-loing.webp\u00a0\u00bb][\/et_pb_image][\/et_pb_column][\/et_pb_row][et_pb_row _builder_version=\u00a0\u00bb4.27.4&Prime; _module_preset=\u00a0\u00bbdefault\u00a0\u00bb column_structure=\u00a0\u00bb2_5,3_5&Prime; theme_builder_area=\u00a0\u00bbpost_content\u00a0\u00bb][et_pb_column _builder_version=\u00a0\u00bb4.27.4&Prime; _module_preset=\u00a0\u00bbdefault\u00a0\u00bb type=\u00a0\u00bb2_5&Prime; theme_builder_area=\u00a0\u00bbpost_content\u00a0\u00bb][et_pb_text _builder_version=\u00a0\u00bb4.27.4&Prime; _module_preset=\u00a0\u00bbdefault\u00a0\u00bb theme_builder_area=\u00a0\u00bbpost_content\u00a0\u00bb hover_enabled=\u00a0\u00bb0&Prime; sticky_enabled=\u00a0\u00bb0&Prime; link_option_url=\u00a0\u00bbhttps:\/\/www.chateau-rosa-bonheur.fr\u00a0\u00bb]<\/p>\n<p>Visite du village m\u00e9di\u00e9val Moret-sur-Loing<\/p>\n<p>[\/et_pb_text][\/et_pb_column][et_pb_column _builder_version=\u00a0\u00bb4.27.4&Prime; _module_preset=\u00a0\u00bbdefault\u00a0\u00bb type=\u00a0\u00bb3_5&Prime; theme_builder_area=\u00a0\u00bbpost_content\u00a0\u00bb][et_pb_image _builder_version=\u00a0\u00bb4.27.4&Prime; _module_preset=\u00a0\u00bbdefault\u00a0\u00bb theme_builder_area=\u00a0\u00bbpost_content\u00a0\u00bb hover_enabled=\u00a0\u00bb0&Prime; sticky_enabled=\u00a0\u00bb0&Prime; admin_label=\u00a0\u00bbImage\u00a0\u00bb title_text=\u00a0\u00bbMoret sur loing\u00a0\u00bb src=\u00a0\u00bbhttps:\/\/lejardinduclos.fr\/wp-content\/uploads\/2025\/08\/Moret-sur-loing.webp\u00a0\u00bb][\/et_pb_image][\/et_pb_column][\/et_pb_row][\/et_pb_section]<\/p>\n","protected":false},"excerpt":{"rendered":"<p>Faites votre choix dans le champ des possibilit\u00e9s offertes autour du village de Saint-Mamm\u00e8s La maison de Rosa Bonheur \u00e0 15&prime; \u00e0 piedDu kayak sur la Seine et le Loing \u00e0 2&prime; \u00e0 piedVisite du village m\u00e9di\u00e9val Moret-sur-LoingVisite du village m\u00e9di\u00e9val Moret-sur-Loing<\/p>\n","protected":false},"author":1,"featured_media":0,"parent":0,"menu_order":0,"comment_status":"closed","ping_status":"closed","template":"","meta":{"_et_pb_use_builder":"on","_et_pb_old_content":"<!-- wp:divi\/placeholder \/-->","_et_gb_content_width":"","footnotes":""},"class_list":["post-14","page","type-page","status-publish","hentry"],"_links":{"self":[{"href":"https:\/\/lejardinduclos.fr\/index.php?rest_route=\/wp\/v2\/pages\/14","targetHints":{"allow":["GET"]}}],"collection":[{"href":"https:\/\/lejardinduclos.fr\/index.php?rest_route=\/wp\/v2\/pages"}],"about":[{"href":"https:\/\/lejardinduclos.fr\/index.php?rest_route=\/wp\/v2\/types\/page"}],"author":[{"embeddable":true,"href":"https:\/\/lejardinduclos.fr\/index.php?rest_route=\/wp\/v2\/users\/1"}],"replies":[{"embeddable":true,"href":"https:\/\/lejardinduclos.fr\/index.php?rest_route=%2Fwp%2Fv2%2Fcomments&post=14"}],"version-history":[{"count":5,"href":"https:\/\/lejardinduclos.fr\/index.php?rest_route=\/wp\/v2\/pages\/14\/revisions"}],"predecessor-version":[{"id":119,"href":"https:\/\/lejardinduclos.fr\/index.php?rest_route=\/wp\/v2\/pages\/14\/revisions\/119"}],"wp:attachment":[{"href":"https:\/\/lejardinduclos.fr\/index.php?rest_route=%2Fwp%2Fv2%2Fmedia&parent=14"}],"curies":[{"name":"wp","href":"https:\/\/api.w.org\/{rel}","templated":true}]}}